{"id":8911,"date":"2021-06-13T12:03:04","date_gmt":"2021-06-13T18:03:04","guid":{"rendered":"https:\/\/legalexcr.com\/?post_type=product&#038;p=8911"},"modified":"2021-06-23T19:39:11","modified_gmt":"2021-06-24T01:39:11","slug":"migracion","status":"publish","type":"product","link":"https:\/\/legalexcr.com\/en\/product\/migracion\/","title":{"rendered":"Migration"},"content":{"rendered":"","protected":false},"excerpt":{"rendered":"<p>We offer the necessary immigration services to comply with Costa Rican legal requirements.<\/p>\n<p>Value added:<\/p>\n<ul>\n<li>Bilingual staff<\/li>\n<li>Trained and effective professionals<\/li>\n<li>Enough experience acquired<\/li>\n<li>Atenci\u00f3n virtual adaptada a diferentes zonas horarias dependiendo la ubicaci\u00f3n geogr\u00e1fica de nuestros clientes.<\/li>\n<\/ul>","protected":false},"featured_media":9076,"template":"","meta":{"_joinchat":[]},"product_brand":[],"product_cat":[41,357],"product_tag":[],"class_list":{"0":"post-8911","1":"product","2":"type-product","3":"status-publish","4":"has-post-thumbnail","6":"product_cat-all","7":"product_cat-cotizaciones-y-servicios-legales","9":"first","10":"instock","11":"shipping-taxable","12":"product-type-simple"},"yoast_head":"<!-- This site is optimized with the Yoast SEO plugin v27.1.1 - https:\/\/yoast.com\/product\/yoast-seo-wordpress\/ -->\n<title>Migraci\u00f3n - Legalex | Innovating the Perspective of Law<\/title>\n<meta name=\"robots\" content=\"index, follow, max-snippet:-1, max-image-preview:large, max-video-preview:-1\" \/>\n<link rel=\"canonical\" href=\"https:\/\/legalexcr.com\/en\/product\/migracion\/\" \/>\n<meta property=\"og:locale\" content=\"en_US\" \/>\n<meta property=\"og:type\" content=\"article\" \/>\n<meta property=\"og:title\" content=\"Migraci\u00f3n - Legalex | Innovating the Perspective of Law\" \/>\n<meta property=\"og:description\" content=\"Ofrecemos los servicios migratorios necesarios para cumplir con los requerimientos legales costarricenses.  Valor agregado:   Personal bilingue  Profesionales capacitados y eficaces  Basta experiencia adquirida  Atenci\u00f3n virtual adaptada a diferentes zonas horarias dependiendo la ubicaci\u00f3n geogr\u00e1fica de nuestros clientes.\" \/>\n<meta property=\"og:url\" content=\"https:\/\/legalexcr.com\/en\/product\/migracion\/\" \/>\n<meta property=\"og:site_name\" content=\"Legalex | Innovating the Perspective of Law\" \/>\n<meta property=\"article:modified_time\" content=\"2021-06-24T01:39:11+00:00\" \/>\n<meta property=\"og:image\" content=\"https:\/\/legalexcr.com\/wp-content\/uploads\/2021\/06\/MIGRAPIC1.jpg\" \/>\n\t<meta property=\"og:image:width\" content=\"1000\" \/>\n\t<meta property=\"og:image:height\" content=\"1000\" \/>\n\t<meta property=\"og:image:type\" content=\"image\/jpeg\" \/>\n<meta name=\"twitter:card\" content=\"summary_large_image\" \/>\n<script type=\"application\/ld+json\" class=\"yoast-schema-graph\">{\"@context\":\"https:\/\/schema.org\",\"@graph\":[{\"@type\":\"WebPage\",\"@id\":\"https:\/\/legalexcr.com\/en\/product\/migracion\/\",\"url\":\"https:\/\/legalexcr.com\/en\/product\/migracion\/\",\"name\":\"Migraci\u00f3n - Legalex | Innovating the Perspective of Law\",\"isPartOf\":{\"@id\":\"https:\/\/legalexcr.com\/#website\"},\"primaryImageOfPage\":{\"@id\":\"https:\/\/legalexcr.com\/en\/product\/migracion\/#primaryimage\"},\"image\":{\"@id\":\"https:\/\/legalexcr.com\/en\/product\/migracion\/#primaryimage\"},\"thumbnailUrl\":\"https:\/\/legalexcr.com\/wp-content\/uploads\/2021\/06\/MIGRAPIC1.jpg\",\"datePublished\":\"2021-06-13T18:03:04+00:00\",\"dateModified\":\"2021-06-24T01:39:11+00:00\",\"breadcrumb\":{\"@id\":\"https:\/\/legalexcr.com\/en\/product\/migracion\/#breadcrumb\"},\"inLanguage\":\"en-US\",\"potentialAction\":[{\"@type\":\"ReadAction\",\"target\":[\"https:\/\/legalexcr.com\/en\/product\/migracion\/\"]}]},{\"@type\":\"ImageObject\",\"inLanguage\":\"en-US\",\"@id\":\"https:\/\/legalexcr.com\/en\/product\/migracion\/#primaryimage\",\"url\":\"https:\/\/legalexcr.com\/wp-content\/uploads\/2021\/06\/MIGRAPIC1.jpg\",\"contentUrl\":\"https:\/\/legalexcr.com\/wp-content\/uploads\/2021\/06\/MIGRAPIC1.jpg\",\"width\":1000,\"height\":1000},{\"@type\":\"BreadcrumbList\",\"@id\":\"https:\/\/legalexcr.com\/en\/product\/migracion\/#breadcrumb\",\"itemListElement\":[{\"@type\":\"ListItem\",\"position\":1,\"name\":\"Portada\",\"item\":\"https:\/\/legalexcr.com\/\"},{\"@type\":\"ListItem\",\"position\":2,\"name\":\"Tienda\",\"item\":\"https:\/\/legalexcr.com\/en\/shop\/\"},{\"@type\":\"ListItem\",\"position\":3,\"name\":\"Migraci\u00f3n\"}]},{\"@type\":\"WebSite\",\"@id\":\"https:\/\/legalexcr.com\/#website\",\"url\":\"https:\/\/legalexcr.com\/\",\"name\":\"Legalex | Innovating the Perspective of Law\",\"description\":\"Legalex | Innovating the Perspective of Law\",\"publisher\":{\"@id\":\"https:\/\/legalexcr.com\/#organization\"},\"potentialAction\":[{\"@type\":\"SearchAction\",\"target\":{\"@type\":\"EntryPoint\",\"urlTemplate\":\"https:\/\/legalexcr.com\/?s={search_term_string}\"},\"query-input\":{\"@type\":\"PropertyValueSpecification\",\"valueRequired\":true,\"valueName\":\"search_term_string\"}}],\"inLanguage\":\"en-US\"},{\"@type\":\"Organization\",\"@id\":\"https:\/\/legalexcr.com\/#organization\",\"name\":\"Legalex | Innovating the Perspective of Law\",\"url\":\"https:\/\/legalexcr.com\/\",\"logo\":{\"@type\":\"ImageObject\",\"inLanguage\":\"en-US\",\"@id\":\"https:\/\/legalexcr.com\/#\/schema\/logo\/image\/\",\"url\":\"https:\/\/legalexcr.com\/wp-content\/uploads\/2018\/09\/logosmall1.png\",\"contentUrl\":\"https:\/\/legalexcr.com\/wp-content\/uploads\/2018\/09\/logosmall1.png\",\"width\":400,\"height\":269,\"caption\":\"Legalex | Innovating the Perspective of Law\"},\"image\":{\"@id\":\"https:\/\/legalexcr.com\/#\/schema\/logo\/image\/\"}}]}<\/script>\n<!-- \/ Yoast SEO plugin. -->","yoast_head_json":{"title":"Migraci\u00f3n - Legalex | Innovating the Perspective of Law","robots":{"index":"index","follow":"follow","max-snippet":"max-snippet:-1","max-image-preview":"max-image-preview:large","max-video-preview":"max-video-preview:-1"},"canonical":"https:\/\/legalexcr.com\/en\/product\/migracion\/","og_locale":"en_US","og_type":"article","og_title":"Migraci\u00f3n - Legalex | Innovating the Perspective of Law","og_description":"Ofrecemos los servicios migratorios necesarios para cumplir con los requerimientos legales costarricenses.  Valor agregado:   Personal bilingue  Profesionales capacitados y eficaces  Basta experiencia adquirida  Atenci\u00f3n virtual adaptada a diferentes zonas horarias dependiendo la ubicaci\u00f3n geogr\u00e1fica de nuestros clientes.","og_url":"https:\/\/legalexcr.com\/en\/product\/migracion\/","og_site_name":"Legalex | Innovating the Perspective of Law","article_modified_time":"2021-06-24T01:39:11+00:00","og_image":[{"width":1000,"height":1000,"url":"https:\/\/legalexcr.com\/wp-content\/uploads\/2021\/06\/MIGRAPIC1.jpg","type":"image\/jpeg"}],"twitter_card":"summary_large_image","schema":{"@context":"https:\/\/schema.org","@graph":[{"@type":"WebPage","@id":"https:\/\/legalexcr.com\/en\/product\/migracion\/","url":"https:\/\/legalexcr.com\/en\/product\/migracion\/","name":"Migraci\u00f3n - Legalex | Innovating the Perspective of Law","isPartOf":{"@id":"https:\/\/legalexcr.com\/#website"},"primaryImageOfPage":{"@id":"https:\/\/legalexcr.com\/en\/product\/migracion\/#primaryimage"},"image":{"@id":"https:\/\/legalexcr.com\/en\/product\/migracion\/#primaryimage"},"thumbnailUrl":"https:\/\/legalexcr.com\/wp-content\/uploads\/2021\/06\/MIGRAPIC1.jpg","datePublished":"2021-06-13T18:03:04+00:00","dateModified":"2021-06-24T01:39:11+00:00","breadcrumb":{"@id":"https:\/\/legalexcr.com\/en\/product\/migracion\/#breadcrumb"},"inLanguage":"en-US","potentialAction":[{"@type":"ReadAction","target":["https:\/\/legalexcr.com\/en\/product\/migracion\/"]}]},{"@type":"ImageObject","inLanguage":"en-US","@id":"https:\/\/legalexcr.com\/en\/product\/migracion\/#primaryimage","url":"https:\/\/legalexcr.com\/wp-content\/uploads\/2021\/06\/MIGRAPIC1.jpg","contentUrl":"https:\/\/legalexcr.com\/wp-content\/uploads\/2021\/06\/MIGRAPIC1.jpg","width":1000,"height":1000},{"@type":"BreadcrumbList","@id":"https:\/\/legalexcr.com\/en\/product\/migracion\/#breadcrumb","itemListElement":[{"@type":"ListItem","position":1,"name":"Portada","item":"https:\/\/legalexcr.com\/"},{"@type":"ListItem","position":2,"name":"Tienda","item":"https:\/\/legalexcr.com\/en\/shop\/"},{"@type":"ListItem","position":3,"name":"Migraci\u00f3n"}]},{"@type":"WebSite","@id":"https:\/\/legalexcr.com\/#website","url":"https:\/\/legalexcr.com\/","name":"Legalex | Innovating the Perspective of Law","description":"Legalex | Innovating the Perspective of Law","publisher":{"@id":"https:\/\/legalexcr.com\/#organization"},"potentialAction":[{"@type":"SearchAction","target":{"@type":"EntryPoint","urlTemplate":"https:\/\/legalexcr.com\/?s={search_term_string}"},"query-input":{"@type":"PropertyValueSpecification","valueRequired":true,"valueName":"search_term_string"}}],"inLanguage":"en-US"},{"@type":"Organization","@id":"https:\/\/legalexcr.com\/#organization","name":"Legalex | Innovating the Perspective of Law","url":"https:\/\/legalexcr.com\/","logo":{"@type":"ImageObject","inLanguage":"en-US","@id":"https:\/\/legalexcr.com\/#\/schema\/logo\/image\/","url":"https:\/\/legalexcr.com\/wp-content\/uploads\/2018\/09\/logosmall1.png","contentUrl":"https:\/\/legalexcr.com\/wp-content\/uploads\/2018\/09\/logosmall1.png","width":400,"height":269,"caption":"Legalex | Innovating the Perspective of Law"},"image":{"@id":"https:\/\/legalexcr.com\/#\/schema\/logo\/image\/"}}]}},"_links":{"self":[{"href":"https:\/\/legalexcr.com\/en\/wp-json\/wp\/v2\/product\/8911","targetHints":{"allow":["GET"]}}],"collection":[{"href":"https:\/\/legalexcr.com\/en\/wp-json\/wp\/v2\/product"}],"about":[{"href":"https:\/\/legalexcr.com\/en\/wp-json\/wp\/v2\/types\/product"}],"version-history":[{"count":2,"href":"https:\/\/legalexcr.com\/en\/wp-json\/wp\/v2\/product\/8911\/revisions"}],"predecessor-version":[{"id":8913,"href":"https:\/\/legalexcr.com\/en\/wp-json\/wp\/v2\/product\/8911\/revisions\/8913"}],"wp:featuredmedia":[{"embeddable":true,"href":"https:\/\/legalexcr.com\/en\/wp-json\/wp\/v2\/media\/9076"}],"wp:attachment":[{"href":"https:\/\/legalexcr.com\/en\/wp-json\/wp\/v2\/media?parent=8911"}],"wp:term":[{"taxonomy":"product_brand","embeddable":true,"href":"https:\/\/legalexcr.com\/en\/wp-json\/wp\/v2\/product_brand?post=8911"},{"taxonomy":"product_cat","embeddable":true,"href":"https:\/\/legalexcr.com\/en\/wp-json\/wp\/v2\/product_cat?post=8911"},{"taxonomy":"product_tag","embeddable":true,"href":"https:\/\/legalexcr.com\/en\/wp-json\/wp\/v2\/product_tag?post=8911"}],"curies":[{"name":"wp","href":"https:\/\/api.w.org\/{rel}","templated":true}]}}