{"id":8914,"date":"2021-06-13T12:06:49","date_gmt":"2021-06-13T18:06:49","guid":{"rendered":"https:\/\/legalexcr.com\/?post_type=product&#038;p=8914"},"modified":"2021-06-23T20:24:58","modified_gmt":"2021-06-24T02:24:58","slug":"real-estate","status":"publish","type":"product","link":"https:\/\/legalexcr.com\/en\/product\/real-estate\/","title":{"rendered":"Real Estate"},"content":{"rendered":"","protected":false},"excerpt":{"rendered":"<p>Service adapted for investment and real estate trade. We offer the DUE DILLIGENCE for each real estate transaction to be executed. We carry out all the prior legal study and issue the client with the degree of risk in their acquisition.<\/p>\n<p>Valor agregado<\/p>\n<ul>\n<li>Bilingual staff<\/li>\n<li>Risk analysis<\/li>\n<li>Issuance of legal criteria adapted to each transaction<\/li>\n<li>100% digital coverage<\/li>\n<\/ul>","protected":false},"featured_media":9080,"template":"","meta":{"_joinchat":[]},"product_brand":[],"product_cat":[41,357],"product_tag":[],"class_list":{"0":"post-8914","1":"product","2":"type-product","3":"status-publish","4":"has-post-thumbnail","6":"product_cat-all","7":"product_cat-cotizaciones-y-servicios-legales","9":"first","10":"instock","11":"shipping-taxable","12":"purchasable","13":"product-type-simple"},"yoast_head":"<!-- This site is optimized with the Yoast SEO plugin v27.1.1 - https:\/\/yoast.com\/product\/yoast-seo-wordpress\/ -->\n<title>Real Estate - Legalex | Innovating the Perspective of Law<\/title>\n<meta name=\"robots\" content=\"index, follow, max-snippet:-1, max-image-preview:large, max-video-preview:-1\" \/>\n<link rel=\"canonical\" href=\"https:\/\/legalexcr.com\/en\/product\/real-estate\/\" \/>\n<meta property=\"og:locale\" content=\"en_US\" \/>\n<meta property=\"og:type\" content=\"article\" \/>\n<meta property=\"og:title\" content=\"Real Estate - Legalex | Innovating the Perspective of Law\" \/>\n<meta property=\"og:description\" content=\"Servicio adaptado para inversiones y comercio de bienes inmuebles. Ofrecemos el DUE DILLIGENCE para cada transacci\u00f3n inmobiliaria por ejecutar. Realizamos todo el estudio jur\u00eddico previo y emitimos al cliente grado de riesgo en su adquisici\u00f3n.  Valor agregado   Personal biling\u00fce  An\u00e1lisis de riesgo  Emisi\u00f3n de criterio legal adaptado a cada transacci\u00f3n  Cobertura 100% digital\" \/>\n<meta property=\"og:url\" content=\"https:\/\/legalexcr.com\/en\/product\/real-estate\/\" \/>\n<meta property=\"og:site_name\" content=\"Legalex | Innovating the Perspective of Law\" \/>\n<meta property=\"article:modified_time\" content=\"2021-06-24T02:24:58+00:00\" \/>\n<meta property=\"og:image\" content=\"https:\/\/legalexcr.com\/wp-content\/uploads\/2021\/06\/REALESTATEPIC1.jpg\" \/>\n\t<meta property=\"og:image:width\" content=\"1000\" \/>\n\t<meta property=\"og:image:height\" content=\"1000\" \/>\n\t<meta property=\"og:image:type\" content=\"image\/jpeg\" \/>\n<meta name=\"twitter:card\" content=\"summary_large_image\" \/>\n<script type=\"application\/ld+json\" class=\"yoast-schema-graph\">{\"@context\":\"https:\/\/schema.org\",\"@graph\":[{\"@type\":\"WebPage\",\"@id\":\"https:\/\/legalexcr.com\/en\/product\/real-estate\/\",\"url\":\"https:\/\/legalexcr.com\/en\/product\/real-estate\/\",\"name\":\"Real Estate - Legalex | Innovating the Perspective of Law\",\"isPartOf\":{\"@id\":\"https:\/\/legalexcr.com\/#website\"},\"primaryImageOfPage\":{\"@id\":\"https:\/\/legalexcr.com\/en\/product\/real-estate\/#primaryimage\"},\"image\":{\"@id\":\"https:\/\/legalexcr.com\/en\/product\/real-estate\/#primaryimage\"},\"thumbnailUrl\":\"https:\/\/legalexcr.com\/wp-content\/uploads\/2021\/06\/REALESTATEPIC1.jpg\",\"datePublished\":\"2021-06-13T18:06:49+00:00\",\"dateModified\":\"2021-06-24T02:24:58+00:00\",\"breadcrumb\":{\"@id\":\"https:\/\/legalexcr.com\/en\/product\/real-estate\/#breadcrumb\"},\"inLanguage\":\"en-US\",\"potentialAction\":[{\"@type\":\"ReadAction\",\"target\":[\"https:\/\/legalexcr.com\/en\/product\/real-estate\/\"]}]},{\"@type\":\"ImageObject\",\"inLanguage\":\"en-US\",\"@id\":\"https:\/\/legalexcr.com\/en\/product\/real-estate\/#primaryimage\",\"url\":\"https:\/\/legalexcr.com\/wp-content\/uploads\/2021\/06\/REALESTATEPIC1.jpg\",\"contentUrl\":\"https:\/\/legalexcr.com\/wp-content\/uploads\/2021\/06\/REALESTATEPIC1.jpg\",\"width\":1000,\"height\":1000},{\"@type\":\"BreadcrumbList\",\"@id\":\"https:\/\/legalexcr.com\/en\/product\/real-estate\/#breadcrumb\",\"itemListElement\":[{\"@type\":\"ListItem\",\"position\":1,\"name\":\"Portada\",\"item\":\"https:\/\/legalexcr.com\/\"},{\"@type\":\"ListItem\",\"position\":2,\"name\":\"Tienda\",\"item\":\"https:\/\/legalexcr.com\/en\/shop\/\"},{\"@type\":\"ListItem\",\"position\":3,\"name\":\"Real Estate\"}]},{\"@type\":\"WebSite\",\"@id\":\"https:\/\/legalexcr.com\/#website\",\"url\":\"https:\/\/legalexcr.com\/\",\"name\":\"Legalex | Innovating the Perspective of Law\",\"description\":\"Legalex | Innovating the Perspective of Law\",\"publisher\":{\"@id\":\"https:\/\/legalexcr.com\/#organization\"},\"potentialAction\":[{\"@type\":\"SearchAction\",\"target\":{\"@type\":\"EntryPoint\",\"urlTemplate\":\"https:\/\/legalexcr.com\/?s={search_term_string}\"},\"query-input\":{\"@type\":\"PropertyValueSpecification\",\"valueRequired\":true,\"valueName\":\"search_term_string\"}}],\"inLanguage\":\"en-US\"},{\"@type\":\"Organization\",\"@id\":\"https:\/\/legalexcr.com\/#organization\",\"name\":\"Legalex | Innovating the Perspective of Law\",\"url\":\"https:\/\/legalexcr.com\/\",\"logo\":{\"@type\":\"ImageObject\",\"inLanguage\":\"en-US\",\"@id\":\"https:\/\/legalexcr.com\/#\/schema\/logo\/image\/\",\"url\":\"https:\/\/legalexcr.com\/wp-content\/uploads\/2018\/09\/logosmall1.png\",\"contentUrl\":\"https:\/\/legalexcr.com\/wp-content\/uploads\/2018\/09\/logosmall1.png\",\"width\":400,\"height\":269,\"caption\":\"Legalex | Innovating the Perspective of Law\"},\"image\":{\"@id\":\"https:\/\/legalexcr.com\/#\/schema\/logo\/image\/\"}}]}<\/script>\n<!-- \/ Yoast SEO plugin. -->","yoast_head_json":{"title":"Real Estate - Legalex | Innovating the Perspective of Law","robots":{"index":"index","follow":"follow","max-snippet":"max-snippet:-1","max-image-preview":"max-image-preview:large","max-video-preview":"max-video-preview:-1"},"canonical":"https:\/\/legalexcr.com\/en\/product\/real-estate\/","og_locale":"en_US","og_type":"article","og_title":"Real Estate - Legalex | Innovating the Perspective of Law","og_description":"Servicio adaptado para inversiones y comercio de bienes inmuebles. Ofrecemos el DUE DILLIGENCE para cada transacci\u00f3n inmobiliaria por ejecutar. Realizamos todo el estudio jur\u00eddico previo y emitimos al cliente grado de riesgo en su adquisici\u00f3n.  Valor agregado   Personal biling\u00fce  An\u00e1lisis de riesgo  Emisi\u00f3n de criterio legal adaptado a cada transacci\u00f3n  Cobertura 100% digital","og_url":"https:\/\/legalexcr.com\/en\/product\/real-estate\/","og_site_name":"Legalex | Innovating the Perspective of Law","article_modified_time":"2021-06-24T02:24:58+00:00","og_image":[{"width":1000,"height":1000,"url":"https:\/\/legalexcr.com\/wp-content\/uploads\/2021\/06\/REALESTATEPIC1.jpg","type":"image\/jpeg"}],"twitter_card":"summary_large_image","schema":{"@context":"https:\/\/schema.org","@graph":[{"@type":"WebPage","@id":"https:\/\/legalexcr.com\/en\/product\/real-estate\/","url":"https:\/\/legalexcr.com\/en\/product\/real-estate\/","name":"Real Estate - Legalex | Innovating the Perspective of Law","isPartOf":{"@id":"https:\/\/legalexcr.com\/#website"},"primaryImageOfPage":{"@id":"https:\/\/legalexcr.com\/en\/product\/real-estate\/#primaryimage"},"image":{"@id":"https:\/\/legalexcr.com\/en\/product\/real-estate\/#primaryimage"},"thumbnailUrl":"https:\/\/legalexcr.com\/wp-content\/uploads\/2021\/06\/REALESTATEPIC1.jpg","datePublished":"2021-06-13T18:06:49+00:00","dateModified":"2021-06-24T02:24:58+00:00","breadcrumb":{"@id":"https:\/\/legalexcr.com\/en\/product\/real-estate\/#breadcrumb"},"inLanguage":"en-US","potentialAction":[{"@type":"ReadAction","target":["https:\/\/legalexcr.com\/en\/product\/real-estate\/"]}]},{"@type":"ImageObject","inLanguage":"en-US","@id":"https:\/\/legalexcr.com\/en\/product\/real-estate\/#primaryimage","url":"https:\/\/legalexcr.com\/wp-content\/uploads\/2021\/06\/REALESTATEPIC1.jpg","contentUrl":"https:\/\/legalexcr.com\/wp-content\/uploads\/2021\/06\/REALESTATEPIC1.jpg","width":1000,"height":1000},{"@type":"BreadcrumbList","@id":"https:\/\/legalexcr.com\/en\/product\/real-estate\/#breadcrumb","itemListElement":[{"@type":"ListItem","position":1,"name":"Portada","item":"https:\/\/legalexcr.com\/"},{"@type":"ListItem","position":2,"name":"Tienda","item":"https:\/\/legalexcr.com\/en\/shop\/"},{"@type":"ListItem","position":3,"name":"Real Estate"}]},{"@type":"WebSite","@id":"https:\/\/legalexcr.com\/#website","url":"https:\/\/legalexcr.com\/","name":"Legalex | Innovating the Perspective of Law","description":"Legalex | Innovating the Perspective of Law","publisher":{"@id":"https:\/\/legalexcr.com\/#organization"},"potentialAction":[{"@type":"SearchAction","target":{"@type":"EntryPoint","urlTemplate":"https:\/\/legalexcr.com\/?s={search_term_string}"},"query-input":{"@type":"PropertyValueSpecification","valueRequired":true,"valueName":"search_term_string"}}],"inLanguage":"en-US"},{"@type":"Organization","@id":"https:\/\/legalexcr.com\/#organization","name":"Legalex | Innovating the Perspective of Law","url":"https:\/\/legalexcr.com\/","logo":{"@type":"ImageObject","inLanguage":"en-US","@id":"https:\/\/legalexcr.com\/#\/schema\/logo\/image\/","url":"https:\/\/legalexcr.com\/wp-content\/uploads\/2018\/09\/logosmall1.png","contentUrl":"https:\/\/legalexcr.com\/wp-content\/uploads\/2018\/09\/logosmall1.png","width":400,"height":269,"caption":"Legalex | Innovating the Perspective of Law"},"image":{"@id":"https:\/\/legalexcr.com\/#\/schema\/logo\/image\/"}}]}},"_links":{"self":[{"href":"https:\/\/legalexcr.com\/en\/wp-json\/wp\/v2\/product\/8914","targetHints":{"allow":["GET"]}}],"collection":[{"href":"https:\/\/legalexcr.com\/en\/wp-json\/wp\/v2\/product"}],"about":[{"href":"https:\/\/legalexcr.com\/en\/wp-json\/wp\/v2\/types\/product"}],"version-history":[{"count":1,"href":"https:\/\/legalexcr.com\/en\/wp-json\/wp\/v2\/product\/8914\/revisions"}],"predecessor-version":[{"id":8915,"href":"https:\/\/legalexcr.com\/en\/wp-json\/wp\/v2\/product\/8914\/revisions\/8915"}],"wp:featuredmedia":[{"embeddable":true,"href":"https:\/\/legalexcr.com\/en\/wp-json\/wp\/v2\/media\/9080"}],"wp:attachment":[{"href":"https:\/\/legalexcr.com\/en\/wp-json\/wp\/v2\/media?parent=8914"}],"wp:term":[{"taxonomy":"product_brand","embeddable":true,"href":"https:\/\/legalexcr.com\/en\/wp-json\/wp\/v2\/product_brand?post=8914"},{"taxonomy":"product_cat","embeddable":true,"href":"https:\/\/legalexcr.com\/en\/wp-json\/wp\/v2\/product_cat?post=8914"},{"taxonomy":"product_tag","embeddable":true,"href":"https:\/\/legalexcr.com\/en\/wp-json\/wp\/v2\/product_tag?post=8914"}],"curies":[{"name":"wp","href":"https:\/\/api.w.org\/{rel}","templated":true}]}}